{"id":819,"date":"2024-09-03T17:40:12","date_gmt":"2024-09-03T17:40:12","guid":{"rendered":"https:\/\/www.bernardogandara.com\/?page_id=819"},"modified":"2024-12-17T16:46:52","modified_gmt":"2024-12-17T16:46:52","slug":"enlaces","status":"publish","type":"page","link":"https:\/\/www.bernardogandara.com\/en\/enlaces\/","title":{"rendered":"Links"},"content":{"rendered":"<div data-elementor-type=\"wp-page\" data-elementor-id=\"819\" class=\"elementor elementor-819\">\n\t\t\t\t\t\t<section class=\"has_ma_el_bg_slider elementor-section elementor-top-section elementor-element elementor-element-39b651c elementor-section-boxed elementor-section-height-default elementor-section-height-default jltma-glass-effect-no\" data-id=\"39b651c\" data-element_type=\"section\" data-settings=\"{&quot;background_background&quot;:&quot;classic&quot;}\">\n\t\t\t\t\t\t<div class=\"elementor-container elementor-column-gap-default\">\n\t\t\t\t\t<div class=\"has_ma_el_bg_slider elementor-column elementor-col-100 elementor-top-column elementor-element elementor-element-67178e7 jltma-glass-effect-no\" data-id=\"67178e7\" data-element_type=\"column\">\n\t\t\t<div class=\"elementor-widget-wrap elementor-element-populated\">\n\t\t\t\t\t\t<div class=\"elementor-element elementor-element-7e44fd1 jltma-glass-effect-no elementor-widget elementor-widget-spacer\" data-id=\"7e44fd1\" data-element_type=\"widget\" data-widget_type=\"spacer.default\">\n\t\t\t\t<div class=\"elementor-widget-container\">\n\t\t\t\t\t\t\t<div class=\"elementor-spacer\">\n\t\t\t<div class=\"elementor-spacer-inner\"><\/div>\n\t\t<\/div>\n\t\t\t\t\t\t<\/div>\n\t\t\t\t<\/div>\n\t\t\t\t\t<\/div>\n\t\t<\/div>\n\t\t\t\t\t<\/div>\n\t\t<\/section>\n\t\t\t\t<section class=\"has_ma_el_bg_slider elementor-section elementor-top-section elementor-element elementor-element-50f3255 elementor-section-boxed elementor-section-height-default elementor-section-height-default jltma-glass-effect-no\" data-id=\"50f3255\" data-element_type=\"section\">\n\t\t\t\t\t\t<div class=\"elementor-container elementor-column-gap-default\">\n\t\t\t\t\t<div class=\"has_ma_el_bg_slider elementor-column elementor-col-100 elementor-top-column elementor-element elementor-element-94c661f jltma-glass-effect-no\" data-id=\"94c661f\" data-element_type=\"column\">\n\t\t\t<div class=\"elementor-widget-wrap elementor-element-populated\">\n\t\t\t\t\t\t<div class=\"elementor-element elementor-element-de4eab5 jltma-glass-effect-no elementor-widget elementor-widget-spacer\" data-id=\"de4eab5\" data-element_type=\"widget\" data-widget_type=\"spacer.default\">\n\t\t\t\t<div class=\"elementor-widget-container\">\n\t\t\t\t\t\t\t<div class=\"elementor-spacer\">\n\t\t\t<div class=\"elementor-spacer-inner\"><\/div>\n\t\t<\/div>\n\t\t\t\t\t\t<\/div>\n\t\t\t\t<\/div>\n\t\t\t\t<div class=\"elementor-element elementor-element-452bf71 jltma-glass-effect-no elementor-widget elementor-widget-heading\" data-id=\"452bf71\" data-element_type=\"widget\" data-widget_type=\"heading.default\">\n\t\t\t\t<div class=\"elementor-widget-container\">\n\t\t\t\t\t<h5 class=\"elementor-heading-title elementor-size-default\">Explore my online space, where you can learn about my professional background and projects, access my CV, and connect with me directly through my personal website or LinkedIn. Additionally, I invite you to discover my more creative and adventurous side by following my travel experiences and personal learnings on my favorite social media platforms.<\/h5>\t\t\t\t<\/div>\n\t\t\t\t<\/div>\n\t\t\t\t<div class=\"elementor-element elementor-element-b4e9ea7 jltma-glass-effect-no elementor-widget elementor-widget-spacer\" data-id=\"b4e9ea7\" data-element_type=\"widget\" data-widget_type=\"spacer.default\">\n\t\t\t\t<div class=\"elementor-widget-container\">\n\t\t\t\t\t\t\t<div class=\"elementor-spacer\">\n\t\t\t<div class=\"elementor-spacer-inner\"><\/div>\n\t\t<\/div>\n\t\t\t\t\t\t<\/div>\n\t\t\t\t<\/div>\n\t\t\t\t\t<\/div>\n\t\t<\/div>\n\t\t\t\t\t<\/div>\n\t\t<\/section>\n\t\t\t\t<section class=\"has_ma_el_bg_slider elementor-section elementor-top-section elementor-element elementor-element-5411881 elementor-section-boxed elementor-section-height-default elementor-section-height-default jltma-glass-effect-no\" data-id=\"5411881\" data-element_type=\"section\">\n\t\t\t\t\t\t<div class=\"elementor-container elementor-column-gap-default\">\n\t\t\t\t\t<div class=\"has_ma_el_bg_slider elementor-column elementor-col-50 elementor-top-column elementor-element elementor-element-9e04556 jltma-glass-effect-no\" data-id=\"9e04556\" data-element_type=\"column\">\n\t\t\t<div class=\"elementor-widget-wrap elementor-element-populated\">\n\t\t\t\t\t\t<div class=\"elementor-element elementor-element-6ec58da jltma-glass-effect-no elementor-widget elementor-widget-heading\" data-id=\"6ec58da\" data-element_type=\"widget\" data-widget_type=\"heading.default\">\n\t\t\t\t<div class=\"elementor-widget-container\">\n\t\t\t\t\t<h1 class=\"elementor-heading-title elementor-size-default\">Professional Links<br><\/h1>\t\t\t\t<\/div>\n\t\t\t\t<\/div>\n\t\t\t\t<div class=\"elementor-element elementor-element-7741f24 jltma-glass-effect-no elementor-widget elementor-widget-image\" data-id=\"7741f24\" data-element_type=\"widget\" data-widget_type=\"image.default\">\n\t\t\t\t<div class=\"elementor-widget-container\">\n\t\t\t\t\t\t\t\t\t\t\t\t\t\t\t\t<a href=\"https:\/\/www.bernardogandara.com\/en\/\">\n\t\t\t\t\t\t\t<img decoding=\"async\" src=\"https:\/\/www.bernardogandara.com\/wp-content\/uploads\/elementor\/thumbs\/Bernardo-Gandara-Logo_B12-qtkjum6gwldwdp5u6emvssp2s73fvbewsffknqrkm8.png\" title=\"Bernardo G\u00e1ndara Logo_B12\" alt=\"Bernardo G\u00e1ndara Logo_B12\" loading=\"lazy\" \/>\t\t\t\t\t\t\t\t<\/a>\n\t\t\t\t\t\t\t\t\t\t\t\t\t\t\t<\/div>\n\t\t\t\t<\/div>\n\t\t\t\t<div class=\"elementor-element elementor-element-71f070b jltma-glass-effect-no elementor-widget elementor-widget-heading\" data-id=\"71f070b\" data-element_type=\"widget\" data-widget_type=\"heading.default\">\n\t\t\t\t<div class=\"elementor-widget-container\">\n\t\t\t\t\t<h4 class=\"elementor-heading-title elementor-size-default\"><a href=\"https:\/\/www.bernardogandara.com\/en\/\">bernardogandara.com<\/a><\/h4>\t\t\t\t<\/div>\n\t\t\t\t<\/div>\n\t\t\t\t<div class=\"elementor-element elementor-element-b8bdc6f jltma-glass-effect-no elementor-widget elementor-widget-image\" data-id=\"b8bdc6f\" data-element_type=\"widget\" data-widget_type=\"image.default\">\n\t\t\t\t<div class=\"elementor-widget-container\">\n\t\t\t\t\t\t\t\t\t\t\t\t\t\t\t\t<a href=\"https:\/\/www.linkedin.com\/in\/bernardogandara\/\">\n\t\t\t\t\t\t\t<img decoding=\"async\" src=\"https:\/\/www.bernardogandara.com\/wp-content\/uploads\/elementor\/thumbs\/LINKEDIN-ICON-qtkq65xxdqvszcmug9kiwvj7t7ja9hrn2ow627dkbk.png\" title=\"LINKEDIN ICON\" alt=\"LINKEDIN ICON\" loading=\"lazy\" \/>\t\t\t\t\t\t\t\t<\/a>\n\t\t\t\t\t\t\t\t\t\t\t\t\t\t\t<\/div>\n\t\t\t\t<\/div>\n\t\t\t\t<div class=\"elementor-element elementor-element-4098b5f jltma-glass-effect-no elementor-widget elementor-widget-heading\" data-id=\"4098b5f\" data-element_type=\"widget\" data-widget_type=\"heading.default\">\n\t\t\t\t<div class=\"elementor-widget-container\">\n\t\t\t\t\t<h4 class=\"elementor-heading-title elementor-size-default\"><a href=\"https:\/\/www.linkedin.com\/in\/bernardogandara\/\">LinkedIn<\/a><\/h4>\t\t\t\t<\/div>\n\t\t\t\t<\/div>\n\t\t\t\t\t<\/div>\n\t\t<\/div>\n\t\t\t\t<div class=\"has_ma_el_bg_slider elementor-column elementor-col-50 elementor-top-column elementor-element elementor-element-30b22da jltma-glass-effect-no\" data-id=\"30b22da\" data-element_type=\"column\">\n\t\t\t<div class=\"elementor-widget-wrap elementor-element-populated\">\n\t\t\t\t\t\t<div class=\"elementor-element elementor-element-92c8eb5 jltma-glass-effect-no elementor-widget elementor-widget-heading\" data-id=\"92c8eb5\" data-element_type=\"widget\" data-widget_type=\"heading.default\">\n\t\t\t\t<div class=\"elementor-widget-container\">\n\t\t\t\t\t<h1 class=\"elementor-heading-title elementor-size-default\">Content Links<br><\/h1>\t\t\t\t<\/div>\n\t\t\t\t<\/div>\n\t\t\t\t<div class=\"elementor-element elementor-element-a030e49 jltma-glass-effect-no elementor-widget elementor-widget-image\" data-id=\"a030e49\" data-element_type=\"widget\" data-widget_type=\"image.default\">\n\t\t\t\t<div class=\"elementor-widget-container\">\n\t\t\t\t\t\t\t\t\t\t\t\t\t\t\t\t<a href=\"https:\/\/www.instagram.com\/bernardogandara\/\">\n\t\t\t\t\t\t\t<img decoding=\"async\" src=\"https:\/\/www.bernardogandara.com\/wp-content\/uploads\/elementor\/thumbs\/INSTAGRAM-ICON-qtkq618qfkpddato7pje2epwua6g708ze1mqntkj6o.png\" title=\"INSTAGRAM ICON\" alt=\"INSTAGRAM ICON\" loading=\"lazy\" \/>\t\t\t\t\t\t\t\t<\/a>\n\t\t\t\t\t\t\t\t\t\t\t\t\t\t\t<\/div>\n\t\t\t\t<\/div>\n\t\t\t\t<div class=\"elementor-element elementor-element-06995b7 jltma-glass-effect-no elementor-widget elementor-widget-heading\" data-id=\"06995b7\" data-element_type=\"widget\" data-widget_type=\"heading.default\">\n\t\t\t\t<div class=\"elementor-widget-container\">\n\t\t\t\t\t<h4 class=\"elementor-heading-title elementor-size-default\"><a href=\"https:\/\/www.instagram.com\/bernardogandara\/\">Instagram<\/a><\/h4>\t\t\t\t<\/div>\n\t\t\t\t<\/div>\n\t\t\t\t<div class=\"elementor-element elementor-element-b37621d jltma-glass-effect-no elementor-widget elementor-widget-image\" data-id=\"b37621d\" data-element_type=\"widget\" data-widget_type=\"image.default\">\n\t\t\t\t<div class=\"elementor-widget-container\">\n\t\t\t\t\t\t\t\t\t\t\t\t\t\t\t\t<a href=\"https:\/\/www.youtube.com\/@bernardogandara\">\n\t\t\t\t\t\t\t<img decoding=\"async\" src=\"https:\/\/www.bernardogandara.com\/wp-content\/uploads\/elementor\/thumbs\/youtube-qtkq5unv3qgd4138a4p02ydool2vp4iv152cavuae8.png\" title=\"youtube\" alt=\"youtube\" loading=\"lazy\" \/>\t\t\t\t\t\t\t\t<\/a>\n\t\t\t\t\t\t\t\t\t\t\t\t\t\t\t<\/div>\n\t\t\t\t<\/div>\n\t\t\t\t<div class=\"elementor-element elementor-element-47bae99 jltma-glass-effect-no elementor-widget elementor-widget-heading\" data-id=\"47bae99\" data-element_type=\"widget\" data-widget_type=\"heading.default\">\n\t\t\t\t<div class=\"elementor-widget-container\">\n\t\t\t\t\t<h4 class=\"elementor-heading-title elementor-size-default\"><a href=\"https:\/\/www.youtube.com\/@bernardogandara\">Youtube<\/a><\/h4>\t\t\t\t<\/div>\n\t\t\t\t<\/div>\n\t\t\t\t\t<\/div>\n\t\t<\/div>\n\t\t\t\t\t<\/div>\n\t\t<\/section>\n\t\t\t\t<section class=\"has_ma_el_bg_slider elementor-section elementor-top-section elementor-element elementor-element-25be39f elementor-section-boxed elementor-section-height-default elementor-section-height-default jltma-glass-effect-no\" data-id=\"25be39f\" data-element_type=\"section\">\n\t\t\t\t\t\t<div class=\"elementor-container elementor-column-gap-default\">\n\t\t\t\t\t<div class=\"has_ma_el_bg_slider elementor-column elementor-col-100 elementor-top-column elementor-element elementor-element-bbe2465 jltma-glass-effect-no\" data-id=\"bbe2465\" data-element_type=\"column\">\n\t\t\t<div class=\"elementor-widget-wrap elementor-element-populated\">\n\t\t\t\t\t\t<div class=\"elementor-element elementor-element-dcaf262 jltma-glass-effect-no elementor-widget elementor-widget-spacer\" data-id=\"dcaf262\" data-element_type=\"widget\" data-widget_type=\"spacer.default\">\n\t\t\t\t<div class=\"elementor-widget-container\">\n\t\t\t\t\t\t\t<div class=\"elementor-spacer\">\n\t\t\t<div class=\"elementor-spacer-inner\"><\/div>\n\t\t<\/div>\n\t\t\t\t\t\t<\/div>\n\t\t\t\t<\/div>\n\t\t\t\t\t<\/div>\n\t\t<\/div>\n\t\t\t\t\t<\/div>\n\t\t<\/section>\n\t\t\t\t<\/div>","protected":false},"excerpt":{"rendered":"<p>Explora mi espacio en la web, donde podr\u00e1s conocer mi trayectoria y proyectos profesionales, acceder a mi CV y conectar conmigo directamente a trav\u00e9s de mi p\u00e1gina personal o LinkedIn. Adem\u00e1s, te invito a descubrir mi lado m\u00e1s creativo y aventurero siguiendo mis experiencias de viaje y aprendizajes personales en mis redes sociales favoritas. Enlaces [&hellip;]<\/p>","protected":false},"author":1,"featured_media":0,"parent":0,"menu_order":0,"comment_status":"closed","ping_status":"closed","template":"","meta":{"footnotes":""},"class_list":["post-819","page","type-page","status-publish","hentry","entry"],"yoast_head":"<!-- This site is optimized with the Yoast SEO plugin v24.6 - https:\/\/yoast.com\/wordpress\/plugins\/seo\/ -->\n<title>Enlaces | Bernardo G&aacute;ndara - Comercio Internacional y Marketing.<\/title>\n<meta name=\"description\" content=\"Aqu\u00ed encontrar\u00e1s mis enlaces, donde podr\u00e1s estar al d\u00eda con mis proyectos profesionales y seguir mis aventuras de viaje a trav\u00e9s de mis redes sociales y plataformas favoritas.\" \/>\n<meta name=\"robots\" content=\"index, follow, max-snippet:-1, max-image-preview:large, max-video-preview:-1\" \/>\n<link rel=\"canonical\" href=\"https:\/\/www.bernardogandara.com\/en\/enlaces\/\" \/>\n<meta property=\"og:locale\" content=\"en_US\" \/>\n<meta property=\"og:type\" content=\"article\" \/>\n<meta property=\"og:title\" content=\"Enlaces | Bernardo G&aacute;ndara - Comercio Internacional y Marketing.\" \/>\n<meta property=\"og:description\" content=\"Aqu\u00ed encontrar\u00e1s mis enlaces, donde podr\u00e1s estar al d\u00eda con mis proyectos profesionales y seguir mis aventuras de viaje a trav\u00e9s de mis redes sociales y plataformas favoritas.\" \/>\n<meta property=\"og:url\" content=\"https:\/\/www.bernardogandara.com\/en\/enlaces\/\" \/>\n<meta property=\"og:site_name\" content=\"Bernardo G&aacute;ndara - Comercio Internacional y Marketing.\" \/>\n<meta property=\"article:modified_time\" content=\"2024-12-17T16:46:52+00:00\" \/>\n<meta property=\"og:image\" content=\"https:\/\/www.bernardogandara.com\/wp-content\/uploads\/elementor\/thumbs\/Bernardo-Gandara-Logo_B12-qtkjum6gwldwdp5u6emvssp2s73fvbewsffknqrkm8.png\" \/>\n<meta name=\"twitter:card\" content=\"summary_large_image\" \/>\n<meta name=\"twitter:label1\" content=\"Est. reading time\" \/>\n\t<meta name=\"twitter:data1\" content=\"2 minutes\" \/>\n<script type=\"application\/ld+json\" class=\"yoast-schema-graph\">{\"@context\":\"https:\/\/schema.org\",\"@graph\":[{\"@type\":\"WebPage\",\"@id\":\"https:\/\/www.bernardogandara.com\/enlaces\/\",\"url\":\"https:\/\/www.bernardogandara.com\/enlaces\/\",\"name\":\"Enlaces | Bernardo G&aacute;ndara - Comercio Internacional y Marketing.\",\"isPartOf\":{\"@id\":\"https:\/\/www.bernardogandara.com\/#website\"},\"primaryImageOfPage\":{\"@id\":\"https:\/\/www.bernardogandara.com\/enlaces\/#primaryimage\"},\"image\":{\"@id\":\"https:\/\/www.bernardogandara.com\/enlaces\/#primaryimage\"},\"thumbnailUrl\":\"https:\/\/www.bernardogandara.com\/wp-content\/uploads\/elementor\/thumbs\/Bernardo-Gandara-Logo_B12-qtkjum6gwldwdp5u6emvssp2s73fvbewsffknqrkm8.png\",\"datePublished\":\"2024-09-03T17:40:12+00:00\",\"dateModified\":\"2024-12-17T16:46:52+00:00\",\"description\":\"Aqu\u00ed encontrar\u00e1s mis enlaces, donde podr\u00e1s estar al d\u00eda con mis proyectos profesionales y seguir mis aventuras de viaje a trav\u00e9s de mis redes sociales y plataformas favoritas.\",\"breadcrumb\":{\"@id\":\"https:\/\/www.bernardogandara.com\/enlaces\/#breadcrumb\"},\"inLanguage\":\"en-US\",\"potentialAction\":[{\"@type\":\"ReadAction\",\"target\":[\"https:\/\/www.bernardogandara.com\/enlaces\/\"]}]},{\"@type\":\"ImageObject\",\"inLanguage\":\"en-US\",\"@id\":\"https:\/\/www.bernardogandara.com\/enlaces\/#primaryimage\",\"url\":\"https:\/\/www.bernardogandara.com\/wp-content\/uploads\/elementor\/thumbs\/Bernardo-Gandara-Logo_B12-qtkjum6gwldwdp5u6emvssp2s73fvbewsffknqrkm8.png\",\"contentUrl\":\"https:\/\/www.bernardogandara.com\/wp-content\/uploads\/elementor\/thumbs\/Bernardo-Gandara-Logo_B12-qtkjum6gwldwdp5u6emvssp2s73fvbewsffknqrkm8.png\"},{\"@type\":\"BreadcrumbList\",\"@id\":\"https:\/\/www.bernardogandara.com\/enlaces\/#breadcrumb\",\"itemListElement\":[{\"@type\":\"ListItem\",\"position\":1,\"name\":\"Portada\",\"item\":\"https:\/\/www.bernardogandara.com\/\"},{\"@type\":\"ListItem\",\"position\":2,\"name\":\"Enlaces\"}]},{\"@type\":\"WebSite\",\"@id\":\"https:\/\/www.bernardogandara.com\/#website\",\"url\":\"https:\/\/www.bernardogandara.com\/\",\"name\":\"Bernardo G\u00e1ndara - Comercio Internacional y Marketing\",\"description\":\"Documentando mi viaje a trav&eacute;s del comercio internacional y las culturas del mundo\",\"publisher\":{\"@id\":\"https:\/\/www.bernardogandara.com\/#\/schema\/person\/9f8db1bcd91b02147cd777f788b05091\"},\"alternateName\":\"Bernardo G\u00e1ndara\",\"potentialAction\":[{\"@type\":\"SearchAction\",\"target\":{\"@type\":\"EntryPoint\",\"urlTemplate\":\"https:\/\/www.bernardogandara.com\/?s={search_term_string}\"},\"query-input\":{\"@type\":\"PropertyValueSpecification\",\"valueRequired\":true,\"valueName\":\"search_term_string\"}}],\"inLanguage\":\"en-US\"},{\"@type\":[\"Person\",\"Organization\"],\"@id\":\"https:\/\/www.bernardogandara.com\/#\/schema\/person\/9f8db1bcd91b02147cd777f788b05091\",\"name\":\"admin\",\"image\":{\"@type\":\"ImageObject\",\"inLanguage\":\"en-US\",\"@id\":\"https:\/\/www.bernardogandara.com\/#\/schema\/person\/image\/\",\"url\":\"https:\/\/www.bernardogandara.com\/wp-content\/uploads\/2024\/09\/Bernardo-Gandara-Logo_B12.png\",\"contentUrl\":\"https:\/\/www.bernardogandara.com\/wp-content\/uploads\/2024\/09\/Bernardo-Gandara-Logo_B12.png\",\"width\":2000,\"height\":2000,\"caption\":\"admin\"},\"logo\":{\"@id\":\"https:\/\/www.bernardogandara.com\/#\/schema\/person\/image\/\"},\"sameAs\":[\"http:\/\/www.bernardogandara.com\"]}]}<\/script>\n<!-- \/ Yoast SEO plugin. -->","yoast_head_json":{"title":"Enlaces | Bernardo G&aacute;ndara - Comercio Internacional y Marketing.","description":"Aqu\u00ed encontrar\u00e1s mis enlaces, donde podr\u00e1s estar al d\u00eda con mis proyectos profesionales y seguir mis aventuras de viaje a trav\u00e9s de mis redes sociales y plataformas favoritas.","robots":{"index":"index","follow":"follow","max-snippet":"max-snippet:-1","max-image-preview":"max-image-preview:large","max-video-preview":"max-video-preview:-1"},"canonical":"https:\/\/www.bernardogandara.com\/en\/enlaces\/","og_locale":"en_US","og_type":"article","og_title":"Enlaces | Bernardo G&aacute;ndara - Comercio Internacional y Marketing.","og_description":"Aqu\u00ed encontrar\u00e1s mis enlaces, donde podr\u00e1s estar al d\u00eda con mis proyectos profesionales y seguir mis aventuras de viaje a trav\u00e9s de mis redes sociales y plataformas favoritas.","og_url":"https:\/\/www.bernardogandara.com\/en\/enlaces\/","og_site_name":"Bernardo G&aacute;ndara - Comercio Internacional y Marketing.","article_modified_time":"2024-12-17T16:46:52+00:00","og_image":[{"url":"https:\/\/www.bernardogandara.com\/wp-content\/uploads\/elementor\/thumbs\/Bernardo-Gandara-Logo_B12-qtkjum6gwldwdp5u6emvssp2s73fvbewsffknqrkm8.png","type":"","width":"","height":""}],"twitter_card":"summary_large_image","twitter_misc":{"Est. reading time":"2 minutes"},"schema":{"@context":"https:\/\/schema.org","@graph":[{"@type":"WebPage","@id":"https:\/\/www.bernardogandara.com\/enlaces\/","url":"https:\/\/www.bernardogandara.com\/enlaces\/","name":"Enlaces | Bernardo G&aacute;ndara - Comercio Internacional y Marketing.","isPartOf":{"@id":"https:\/\/www.bernardogandara.com\/#website"},"primaryImageOfPage":{"@id":"https:\/\/www.bernardogandara.com\/enlaces\/#primaryimage"},"image":{"@id":"https:\/\/www.bernardogandara.com\/enlaces\/#primaryimage"},"thumbnailUrl":"https:\/\/www.bernardogandara.com\/wp-content\/uploads\/elementor\/thumbs\/Bernardo-Gandara-Logo_B12-qtkjum6gwldwdp5u6emvssp2s73fvbewsffknqrkm8.png","datePublished":"2024-09-03T17:40:12+00:00","dateModified":"2024-12-17T16:46:52+00:00","description":"Aqu\u00ed encontrar\u00e1s mis enlaces, donde podr\u00e1s estar al d\u00eda con mis proyectos profesionales y seguir mis aventuras de viaje a trav\u00e9s de mis redes sociales y plataformas favoritas.","breadcrumb":{"@id":"https:\/\/www.bernardogandara.com\/enlaces\/#breadcrumb"},"inLanguage":"en-US","potentialAction":[{"@type":"ReadAction","target":["https:\/\/www.bernardogandara.com\/enlaces\/"]}]},{"@type":"ImageObject","inLanguage":"en-US","@id":"https:\/\/www.bernardogandara.com\/enlaces\/#primaryimage","url":"https:\/\/www.bernardogandara.com\/wp-content\/uploads\/elementor\/thumbs\/Bernardo-Gandara-Logo_B12-qtkjum6gwldwdp5u6emvssp2s73fvbewsffknqrkm8.png","contentUrl":"https:\/\/www.bernardogandara.com\/wp-content\/uploads\/elementor\/thumbs\/Bernardo-Gandara-Logo_B12-qtkjum6gwldwdp5u6emvssp2s73fvbewsffknqrkm8.png"},{"@type":"BreadcrumbList","@id":"https:\/\/www.bernardogandara.com\/enlaces\/#breadcrumb","itemListElement":[{"@type":"ListItem","position":1,"name":"Portada","item":"https:\/\/www.bernardogandara.com\/"},{"@type":"ListItem","position":2,"name":"Enlaces"}]},{"@type":"WebSite","@id":"https:\/\/www.bernardogandara.com\/#website","url":"https:\/\/www.bernardogandara.com\/","name":"Bernardo G\u00e1ndara - Comercio Internacional y Marketing","description":"Documentando mi viaje a trav&eacute;s del comercio internacional y las culturas del mundo","publisher":{"@id":"https:\/\/www.bernardogandara.com\/#\/schema\/person\/9f8db1bcd91b02147cd777f788b05091"},"alternateName":"Bernardo G\u00e1ndara","potentialAction":[{"@type":"SearchAction","target":{"@type":"EntryPoint","urlTemplate":"https:\/\/www.bernardogandara.com\/?s={search_term_string}"},"query-input":{"@type":"PropertyValueSpecification","valueRequired":true,"valueName":"search_term_string"}}],"inLanguage":"en-US"},{"@type":["Person","Organization"],"@id":"https:\/\/www.bernardogandara.com\/#\/schema\/person\/9f8db1bcd91b02147cd777f788b05091","name":"admin","image":{"@type":"ImageObject","inLanguage":"en-US","@id":"https:\/\/www.bernardogandara.com\/#\/schema\/person\/image\/","url":"https:\/\/www.bernardogandara.com\/wp-content\/uploads\/2024\/09\/Bernardo-Gandara-Logo_B12.png","contentUrl":"https:\/\/www.bernardogandara.com\/wp-content\/uploads\/2024\/09\/Bernardo-Gandara-Logo_B12.png","width":2000,"height":2000,"caption":"admin"},"logo":{"@id":"https:\/\/www.bernardogandara.com\/#\/schema\/person\/image\/"},"sameAs":["http:\/\/www.bernardogandara.com"]}]}},"_links":{"self":[{"href":"https:\/\/www.bernardogandara.com\/en\/wp-json\/wp\/v2\/pages\/819","targetHints":{"allow":["GET"]}}],"collection":[{"href":"https:\/\/www.bernardogandara.com\/en\/wp-json\/wp\/v2\/pages"}],"about":[{"href":"https:\/\/www.bernardogandara.com\/en\/wp-json\/wp\/v2\/types\/page"}],"author":[{"embeddable":true,"href":"https:\/\/www.bernardogandara.com\/en\/wp-json\/wp\/v2\/users\/1"}],"replies":[{"embeddable":true,"href":"https:\/\/www.bernardogandara.com\/en\/wp-json\/wp\/v2\/comments?post=819"}],"version-history":[{"count":89,"href":"https:\/\/www.bernardogandara.com\/en\/wp-json\/wp\/v2\/pages\/819\/revisions"}],"predecessor-version":[{"id":989,"href":"https:\/\/www.bernardogandara.com\/en\/wp-json\/wp\/v2\/pages\/819\/revisions\/989"}],"wp:attachment":[{"href":"https:\/\/www.bernardogandara.com\/en\/wp-json\/wp\/v2\/media?parent=819"}],"curies":[{"name":"wp","href":"https:\/\/api.w.org\/{rel}","templated":true}]}}