{"id":921,"date":"2024-09-08T15:27:33","date_gmt":"2024-09-08T15:27:33","guid":{"rendered":"https:\/\/www.bernardogandara.com\/?page_id=921"},"modified":"2024-09-08T16:33:13","modified_gmt":"2024-09-08T16:33:13","slug":"contacto","status":"publish","type":"page","link":"https:\/\/www.bernardogandara.com\/en\/contacto\/","title":{"rendered":"Contact"},"content":{"rendered":"<div data-elementor-type=\"wp-page\" data-elementor-id=\"921\" class=\"elementor elementor-921\">\n\t\t\t\t\t\t<section class=\"has_ma_el_bg_slider elementor-section elementor-top-section elementor-element elementor-element-9d11a1f elementor-section-boxed elementor-section-height-default elementor-section-height-default jltma-glass-effect-no\" data-id=\"9d11a1f\" data-element_type=\"section\" data-settings=\"{&quot;background_background&quot;:&quot;classic&quot;}\">\n\t\t\t\t\t\t<div class=\"elementor-container elementor-column-gap-default\">\n\t\t\t\t\t<div class=\"has_ma_el_bg_slider elementor-column elementor-col-100 elementor-top-column elementor-element elementor-element-52788db jltma-glass-effect-no\" data-id=\"52788db\" data-element_type=\"column\">\n\t\t\t<div class=\"elementor-widget-wrap elementor-element-populated\">\n\t\t\t\t\t\t<div class=\"elementor-element elementor-element-5025682 jltma-glass-effect-no elementor-widget elementor-widget-spacer\" data-id=\"5025682\" data-element_type=\"widget\" data-widget_type=\"spacer.default\">\n\t\t\t\t<div class=\"elementor-widget-container\">\n\t\t\t\t\t\t\t<div class=\"elementor-spacer\">\n\t\t\t<div class=\"elementor-spacer-inner\"><\/div>\n\t\t<\/div>\n\t\t\t\t\t\t<\/div>\n\t\t\t\t<\/div>\n\t\t\t\t\t<\/div>\n\t\t<\/div>\n\t\t\t\t\t<\/div>\n\t\t<\/section>\n\t\t\t\t<section class=\"has_ma_el_bg_slider elementor-section elementor-top-section elementor-element elementor-element-02f8d77 elementor-section-boxed elementor-section-height-default elementor-section-height-default jltma-glass-effect-no\" data-id=\"02f8d77\" data-element_type=\"section\">\n\t\t\t\t\t\t<div class=\"elementor-container elementor-column-gap-default\">\n\t\t\t\t\t<div class=\"has_ma_el_bg_slider elementor-column elementor-col-100 elementor-top-column elementor-element elementor-element-4ae4b03 jltma-glass-effect-no\" data-id=\"4ae4b03\" data-element_type=\"column\">\n\t\t\t<div class=\"elementor-widget-wrap elementor-element-populated\">\n\t\t\t\t\t\t<div class=\"elementor-element elementor-element-3d5489f jltma-glass-effect-no elementor-widget elementor-widget-spacer\" data-id=\"3d5489f\" data-element_type=\"widget\" data-widget_type=\"spacer.default\">\n\t\t\t\t<div class=\"elementor-widget-container\">\n\t\t\t\t\t\t\t<div class=\"elementor-spacer\">\n\t\t\t<div class=\"elementor-spacer-inner\"><\/div>\n\t\t<\/div>\n\t\t\t\t\t\t<\/div>\n\t\t\t\t<\/div>\n\t\t\t\t<div class=\"elementor-element elementor-element-00b2b30 jltma-glass-effect-no elementor-widget elementor-widget-heading\" data-id=\"00b2b30\" data-element_type=\"widget\" data-widget_type=\"heading.default\">\n\t\t\t\t<div class=\"elementor-widget-container\">\n\t\t\t\t\t<h1 class=\"elementor-heading-title elementor-size-default\">Contact<\/h1>\t\t\t\t<\/div>\n\t\t\t\t<\/div>\n\t\t\t\t<div class=\"elementor-element elementor-element-968680b jltma-glass-effect-no elementor-widget elementor-widget-heading\" data-id=\"968680b\" data-element_type=\"widget\" data-widget_type=\"heading.default\">\n\t\t\t\t<div class=\"elementor-widget-container\">\n\t\t\t\t\t<h6 class=\"elementor-heading-title elementor-size-default\">If you have any questions about international trade, marketing, or travel-related topics, feel free to use the form to send your inquiries. I\u2019m available to discuss ideas, clarify doubts, or explore potential collaborations. Fill out the form, and I\u2019ll get back to you as soon as possible.<\/h6>\t\t\t\t<\/div>\n\t\t\t\t<\/div>\n\t\t\t\t<div class=\"elementor-element elementor-element-63786f0 jltma-glass-effect-no elementor-widget elementor-widget-wpforms\" data-id=\"63786f0\" data-element_type=\"widget\" data-widget_type=\"wpforms.default\">\n\t\t\t\t<div class=\"elementor-widget-container\">\n\t\t\t\t\t<style id=\"wpforms-css-vars-elementor-widget-63786f0\">\n\t\t\t\t.elementor-widget-wpforms.elementor-element-63786f0 {\n\t\t\t\t--wpforms-field-size-input-height: 31px;\n--wpforms-field-size-input-spacing: 10px;\n--wpforms-field-size-font-size: 14px;\n--wpforms-field-size-line-height: 17px;\n--wpforms-field-size-padding-h: 9px;\n--wpforms-field-size-checkbox-size: 14px;\n--wpforms-field-size-sublabel-spacing: 5px;\n--wpforms-field-size-icon-size: 0.75;\n--wpforms-label-size-font-size: 16px;\n--wpforms-label-size-line-height: 19px;\n--wpforms-label-size-sublabel-font-size: 14px;\n--wpforms-label-size-sublabel-line-height: 17px;\n--wpforms-button-size-font-size: 17px;\n--wpforms-button-size-height: 41px;\n--wpforms-button-size-padding-h: 15px;\n--wpforms-button-size-margin-top: 10px;\n\n\t\t\t}\n\t\t\t<\/style><div class=\"wpforms-container wpforms-container-full wpforms-render-modern\" id=\"wpforms-697\"><form id=\"wpforms-form-697\" class=\"wpforms-validate wpforms-form wpforms-ajax-form\" data-formid=\"697\" method=\"post\" enctype=\"multipart\/form-data\" action=\"\/en\/wp-json\/wp\/v2\/pages\/921\" data-token=\"9195bf7f7c6bed7dc6f7b0cf3d58e390\" data-token-time=\"1778904484\" data-trp-original-action=\"\/en\/wp-json\/wp\/v2\/pages\/921\"><noscript class=\"wpforms-error-noscript\">Please enable JavaScript in your browser to complete this form.<\/noscript><div class=\"wpforms-hidden\" id=\"wpforms-error-noscript\">Please enable JavaScript in your browser to complete this form.<\/div><div class=\"wpforms-field-container\"><div id=\"wpforms-697-field_0-container\" class=\"wpforms-field wpforms-field-name\" data-field-id=\"0\"><label class=\"wpforms-field-label\" for=\"wpforms-697-field_0\">Name and Last name <span class=\"wpforms-required-label\" aria-hidden=\"true\">*<\/span><\/label><input type=\"text\" id=\"wpforms-697-field_0\" class=\"wpforms-field-large wpforms-field-required\" name=\"wpforms[fields][0]\" aria-errormessage=\"wpforms-697-field_0-error\" required><\/div><div id=\"wpforms-697-field_1-container\" class=\"wpforms-field wpforms-field-email\" data-field-id=\"1\"><label class=\"wpforms-field-label\" for=\"wpforms-697-field_1\">Email <span class=\"wpforms-required-label\" aria-hidden=\"true\">*<\/span><\/label><input type=\"email\" id=\"wpforms-697-field_1\" class=\"wpforms-field-large wpforms-field-required\" name=\"wpforms[fields][1]\" spellcheck=\"false\" aria-errormessage=\"wpforms-697-field_1-error\" required><\/div><div id=\"wpforms-697-field_3-container\" class=\"wpforms-field wpforms-field-text\" data-field-id=\"3\"><label class=\"wpforms-field-label\" for=\"wpforms-697-field_3\">Company <span class=\"wpforms-required-label\" aria-hidden=\"true\">*<\/span><\/label><input type=\"text\" id=\"wpforms-697-field_3\" class=\"wpforms-field-large wpforms-field-required\" name=\"wpforms[fields][3]\" aria-errormessage=\"wpforms-697-field_3-error\" required><\/div><div id=\"wpforms-697-field_2-container\" class=\"wpforms-field wpforms-field-textarea\" data-field-id=\"2\"><label class=\"wpforms-field-label\" for=\"wpforms-697-field_2\">Message <span class=\"wpforms-required-label\" aria-hidden=\"true\">*<\/span><\/label><textarea id=\"wpforms-697-field_2\" class=\"wpforms-field-medium wpforms-field-required\" name=\"wpforms[fields][2]\" aria-errormessage=\"wpforms-697-field_2-error\" required><\/textarea><\/div><\/div><!-- .wpforms-field-container --><div class=\"wpforms-recaptcha-container wpforms-is-recaptcha wpforms-is-recaptcha-type-invisible\" ><div class=\"g-recaptcha\" data-sitekey=\"6LdssDUqAAAAAFaT7txlPAmqlhS393CKdbKod95E\" data-size=\"invisible\"><\/div><\/div><div class=\"wpforms-submit-container\" ><input type=\"hidden\" name=\"wpforms[id]\" value=\"697\"><input type=\"hidden\" name=\"page_title\" value=\"\"><input type=\"hidden\" name=\"page_url\" value=\"https:\/\/www.bernardogandara.com\/en\/wp-json\/wp\/v2\/pages\/921\"><input type=\"hidden\" name=\"url_referer\" value=\"\"><button type=\"submit\" name=\"wpforms[submit]\" id=\"wpforms-submit-697\" class=\"wpforms-submit\" data-alt-text=\"Enviando...\" data-submit-text=\"Enviar\" aria-live=\"assertive\" value=\"wpforms-submit\">Send<\/button><img decoding=\"async\" src=\"https:\/\/www.bernardogandara.com\/wp-content\/plugins\/wpforms-lite\/assets\/images\/submit-spin.svg\" class=\"wpforms-submit-spinner\" style=\"display: none;\" width=\"26\" height=\"26\" alt=\"Loading\"><\/div><input type=\"hidden\" name=\"trp-form-language\" value=\"en\"\/><\/form><\/div>  <!-- .wpforms-container -->\t\t\t\t<\/div>\n\t\t\t\t<\/div>\n\t\t\t\t\t<\/div>\n\t\t<\/div>\n\t\t\t\t\t<\/div>\n\t\t<\/section>\n\t\t\t\t<\/div>","protected":false},"excerpt":{"rendered":"<p>Contacto Si tienes preguntas sobre comercio internacional, marketing, o temas relacionados con viajes, puedes usar el formulario para enviarme tus consultas. Estoy disponible para discutir ideas, aclarar dudas o explorar posibles colaboraciones. Completa el formulario y te responder\u00e9 lo antes posible. Por favor, activa JavaScript en tu navegador para completar este formulario.Por favor, activa JavaScript [&hellip;]<\/p>","protected":false},"author":1,"featured_media":0,"parent":0,"menu_order":0,"comment_status":"closed","ping_status":"closed","template":"","meta":{"footnotes":""},"class_list":["post-921","page","type-page","status-publish","hentry","entry"],"yoast_head":"<!-- This site is optimized with the Yoast SEO plugin v24.6 - https:\/\/yoast.com\/wordpress\/plugins\/seo\/ -->\n<title>Contacto | Bernardo G&aacute;ndara - Comercio Internacional y Marketing.<\/title>\n<meta name=\"description\" content=\"Cont\u00e1ctame para consultas especializadas en comercio internacional, marketing y an\u00e1lisis de mercados globales. Si tienes preguntas sobre estrategias de expansi\u00f3n, influencia cultural en los negocios o tendencias internacionales, utiliza el formulario y recibir\u00e1s una respuesta a la brevedad\" \/>\n<meta name=\"robots\" content=\"index, follow, max-snippet:-1, max-image-preview:large, max-video-preview:-1\" \/>\n<link rel=\"canonical\" href=\"https:\/\/www.bernardogandara.com\/en\/contacto\/\" \/>\n<meta property=\"og:locale\" content=\"en_US\" \/>\n<meta property=\"og:type\" content=\"article\" \/>\n<meta property=\"og:title\" content=\"Contacto | Bernardo G&aacute;ndara - Comercio Internacional y Marketing.\" \/>\n<meta property=\"og:description\" content=\"Cont\u00e1ctame para consultas especializadas en comercio internacional, marketing y an\u00e1lisis de mercados globales. Si tienes preguntas sobre estrategias de expansi\u00f3n, influencia cultural en los negocios o tendencias internacionales, utiliza el formulario y recibir\u00e1s una respuesta a la brevedad\" \/>\n<meta property=\"og:url\" content=\"https:\/\/www.bernardogandara.com\/en\/contacto\/\" \/>\n<meta property=\"og:site_name\" content=\"Bernardo G&aacute;ndara - Comercio Internacional y Marketing.\" \/>\n<meta property=\"article:modified_time\" content=\"2024-09-08T16:33:13+00:00\" \/>\n<meta property=\"og:image\" content=\"https:\/\/www.bernardogandara.com\/wp-content\/plugins\/wpforms-lite\/assets\/images\/submit-spin.svg\" \/>\n<meta name=\"twitter:card\" content=\"summary_large_image\" \/>\n<meta name=\"twitter:label1\" content=\"Est. reading time\" \/>\n\t<meta name=\"twitter:data1\" content=\"1 minute\" \/>\n<script type=\"application\/ld+json\" class=\"yoast-schema-graph\">{\"@context\":\"https:\/\/schema.org\",\"@graph\":[{\"@type\":\"WebPage\",\"@id\":\"https:\/\/www.bernardogandara.com\/contacto\/\",\"url\":\"https:\/\/www.bernardogandara.com\/contacto\/\",\"name\":\"Contacto | Bernardo G&aacute;ndara - Comercio Internacional y Marketing.\",\"isPartOf\":{\"@id\":\"https:\/\/www.bernardogandara.com\/#website\"},\"primaryImageOfPage\":{\"@id\":\"https:\/\/www.bernardogandara.com\/contacto\/#primaryimage\"},\"image\":{\"@id\":\"https:\/\/www.bernardogandara.com\/contacto\/#primaryimage\"},\"thumbnailUrl\":\"https:\/\/www.bernardogandara.com\/wp-content\/plugins\/wpforms-lite\/assets\/images\/submit-spin.svg\",\"datePublished\":\"2024-09-08T15:27:33+00:00\",\"dateModified\":\"2024-09-08T16:33:13+00:00\",\"description\":\"Cont\u00e1ctame para consultas especializadas en comercio internacional, marketing y an\u00e1lisis de mercados globales. Si tienes preguntas sobre estrategias de expansi\u00f3n, influencia cultural en los negocios o tendencias internacionales, utiliza el formulario y recibir\u00e1s una respuesta a la brevedad\",\"breadcrumb\":{\"@id\":\"https:\/\/www.bernardogandara.com\/contacto\/#breadcrumb\"},\"inLanguage\":\"en-US\",\"potentialAction\":[{\"@type\":\"ReadAction\",\"target\":[\"https:\/\/www.bernardogandara.com\/contacto\/\"]}]},{\"@type\":\"ImageObject\",\"inLanguage\":\"en-US\",\"@id\":\"https:\/\/www.bernardogandara.com\/contacto\/#primaryimage\",\"url\":\"https:\/\/www.bernardogandara.com\/wp-content\/plugins\/wpforms-lite\/assets\/images\/submit-spin.svg\",\"contentUrl\":\"https:\/\/www.bernardogandara.com\/wp-content\/plugins\/wpforms-lite\/assets\/images\/submit-spin.svg\"},{\"@type\":\"BreadcrumbList\",\"@id\":\"https:\/\/www.bernardogandara.com\/contacto\/#breadcrumb\",\"itemListElement\":[{\"@type\":\"ListItem\",\"position\":1,\"name\":\"Portada\",\"item\":\"https:\/\/www.bernardogandara.com\/\"},{\"@type\":\"ListItem\",\"position\":2,\"name\":\"Contacto\"}]},{\"@type\":\"WebSite\",\"@id\":\"https:\/\/www.bernardogandara.com\/#website\",\"url\":\"https:\/\/www.bernardogandara.com\/\",\"name\":\"Bernardo G\u00e1ndara - Comercio Internacional y Marketing\",\"description\":\"Documentando mi viaje a trav&eacute;s del comercio internacional y las culturas del mundo\",\"publisher\":{\"@id\":\"https:\/\/www.bernardogandara.com\/#\/schema\/person\/9f8db1bcd91b02147cd777f788b05091\"},\"alternateName\":\"Bernardo G\u00e1ndara\",\"potentialAction\":[{\"@type\":\"SearchAction\",\"target\":{\"@type\":\"EntryPoint\",\"urlTemplate\":\"https:\/\/www.bernardogandara.com\/?s={search_term_string}\"},\"query-input\":{\"@type\":\"PropertyValueSpecification\",\"valueRequired\":true,\"valueName\":\"search_term_string\"}}],\"inLanguage\":\"en-US\"},{\"@type\":[\"Person\",\"Organization\"],\"@id\":\"https:\/\/www.bernardogandara.com\/#\/schema\/person\/9f8db1bcd91b02147cd777f788b05091\",\"name\":\"admin\",\"image\":{\"@type\":\"ImageObject\",\"inLanguage\":\"en-US\",\"@id\":\"https:\/\/www.bernardogandara.com\/#\/schema\/person\/image\/\",\"url\":\"https:\/\/www.bernardogandara.com\/wp-content\/uploads\/2024\/09\/Bernardo-Gandara-Logo_B12.png\",\"contentUrl\":\"https:\/\/www.bernardogandara.com\/wp-content\/uploads\/2024\/09\/Bernardo-Gandara-Logo_B12.png\",\"width\":2000,\"height\":2000,\"caption\":\"admin\"},\"logo\":{\"@id\":\"https:\/\/www.bernardogandara.com\/#\/schema\/person\/image\/\"},\"sameAs\":[\"http:\/\/www.bernardogandara.com\"]}]}<\/script>\n<!-- \/ Yoast SEO plugin. -->","yoast_head_json":{"title":"Contacto | Bernardo G&aacute;ndara - Comercio Internacional y Marketing.","description":"Cont\u00e1ctame para consultas especializadas en comercio internacional, marketing y an\u00e1lisis de mercados globales. Si tienes preguntas sobre estrategias de expansi\u00f3n, influencia cultural en los negocios o tendencias internacionales, utiliza el formulario y recibir\u00e1s una respuesta a la brevedad","robots":{"index":"index","follow":"follow","max-snippet":"max-snippet:-1","max-image-preview":"max-image-preview:large","max-video-preview":"max-video-preview:-1"},"canonical":"https:\/\/www.bernardogandara.com\/en\/contacto\/","og_locale":"en_US","og_type":"article","og_title":"Contacto | Bernardo G&aacute;ndara - Comercio Internacional y Marketing.","og_description":"Cont\u00e1ctame para consultas especializadas en comercio internacional, marketing y an\u00e1lisis de mercados globales. Si tienes preguntas sobre estrategias de expansi\u00f3n, influencia cultural en los negocios o tendencias internacionales, utiliza el formulario y recibir\u00e1s una respuesta a la brevedad","og_url":"https:\/\/www.bernardogandara.com\/en\/contacto\/","og_site_name":"Bernardo G&aacute;ndara - Comercio Internacional y Marketing.","article_modified_time":"2024-09-08T16:33:13+00:00","og_image":[{"url":"https:\/\/www.bernardogandara.com\/wp-content\/plugins\/wpforms-lite\/assets\/images\/submit-spin.svg","type":"","width":"","height":""}],"twitter_card":"summary_large_image","twitter_misc":{"Est. reading time":"1 minute"},"schema":{"@context":"https:\/\/schema.org","@graph":[{"@type":"WebPage","@id":"https:\/\/www.bernardogandara.com\/contacto\/","url":"https:\/\/www.bernardogandara.com\/contacto\/","name":"Contacto | Bernardo G&aacute;ndara - Comercio Internacional y Marketing.","isPartOf":{"@id":"https:\/\/www.bernardogandara.com\/#website"},"primaryImageOfPage":{"@id":"https:\/\/www.bernardogandara.com\/contacto\/#primaryimage"},"image":{"@id":"https:\/\/www.bernardogandara.com\/contacto\/#primaryimage"},"thumbnailUrl":"https:\/\/www.bernardogandara.com\/wp-content\/plugins\/wpforms-lite\/assets\/images\/submit-spin.svg","datePublished":"2024-09-08T15:27:33+00:00","dateModified":"2024-09-08T16:33:13+00:00","description":"Cont\u00e1ctame para consultas especializadas en comercio internacional, marketing y an\u00e1lisis de mercados globales. Si tienes preguntas sobre estrategias de expansi\u00f3n, influencia cultural en los negocios o tendencias internacionales, utiliza el formulario y recibir\u00e1s una respuesta a la brevedad","breadcrumb":{"@id":"https:\/\/www.bernardogandara.com\/contacto\/#breadcrumb"},"inLanguage":"en-US","potentialAction":[{"@type":"ReadAction","target":["https:\/\/www.bernardogandara.com\/contacto\/"]}]},{"@type":"ImageObject","inLanguage":"en-US","@id":"https:\/\/www.bernardogandara.com\/contacto\/#primaryimage","url":"https:\/\/www.bernardogandara.com\/wp-content\/plugins\/wpforms-lite\/assets\/images\/submit-spin.svg","contentUrl":"https:\/\/www.bernardogandara.com\/wp-content\/plugins\/wpforms-lite\/assets\/images\/submit-spin.svg"},{"@type":"BreadcrumbList","@id":"https:\/\/www.bernardogandara.com\/contacto\/#breadcrumb","itemListElement":[{"@type":"ListItem","position":1,"name":"Portada","item":"https:\/\/www.bernardogandara.com\/"},{"@type":"ListItem","position":2,"name":"Contacto"}]},{"@type":"WebSite","@id":"https:\/\/www.bernardogandara.com\/#website","url":"https:\/\/www.bernardogandara.com\/","name":"Bernardo G\u00e1ndara - Comercio Internacional y Marketing","description":"Documentando mi viaje a trav&eacute;s del comercio internacional y las culturas del mundo","publisher":{"@id":"https:\/\/www.bernardogandara.com\/#\/schema\/person\/9f8db1bcd91b02147cd777f788b05091"},"alternateName":"Bernardo G\u00e1ndara","potentialAction":[{"@type":"SearchAction","target":{"@type":"EntryPoint","urlTemplate":"https:\/\/www.bernardogandara.com\/?s={search_term_string}"},"query-input":{"@type":"PropertyValueSpecification","valueRequired":true,"valueName":"search_term_string"}}],"inLanguage":"en-US"},{"@type":["Person","Organization"],"@id":"https:\/\/www.bernardogandara.com\/#\/schema\/person\/9f8db1bcd91b02147cd777f788b05091","name":"admin","image":{"@type":"ImageObject","inLanguage":"en-US","@id":"https:\/\/www.bernardogandara.com\/#\/schema\/person\/image\/","url":"https:\/\/www.bernardogandara.com\/wp-content\/uploads\/2024\/09\/Bernardo-Gandara-Logo_B12.png","contentUrl":"https:\/\/www.bernardogandara.com\/wp-content\/uploads\/2024\/09\/Bernardo-Gandara-Logo_B12.png","width":2000,"height":2000,"caption":"admin"},"logo":{"@id":"https:\/\/www.bernardogandara.com\/#\/schema\/person\/image\/"},"sameAs":["http:\/\/www.bernardogandara.com"]}]}},"_links":{"self":[{"href":"https:\/\/www.bernardogandara.com\/en\/wp-json\/wp\/v2\/pages\/921","targetHints":{"allow":["GET"]}}],"collection":[{"href":"https:\/\/www.bernardogandara.com\/en\/wp-json\/wp\/v2\/pages"}],"about":[{"href":"https:\/\/www.bernardogandara.com\/en\/wp-json\/wp\/v2\/types\/page"}],"author":[{"embeddable":true,"href":"https:\/\/www.bernardogandara.com\/en\/wp-json\/wp\/v2\/users\/1"}],"replies":[{"embeddable":true,"href":"https:\/\/www.bernardogandara.com\/en\/wp-json\/wp\/v2\/comments?post=921"}],"version-history":[{"count":10,"href":"https:\/\/www.bernardogandara.com\/en\/wp-json\/wp\/v2\/pages\/921\/revisions"}],"predecessor-version":[{"id":935,"href":"https:\/\/www.bernardogandara.com\/en\/wp-json\/wp\/v2\/pages\/921\/revisions\/935"}],"wp:attachment":[{"href":"https:\/\/www.bernardogandara.com\/en\/wp-json\/wp\/v2\/media?parent=921"}],"curies":[{"name":"wp","href":"https:\/\/api.w.org\/{rel}","templated":true}]}}